{"id":2538,"date":"2018-11-27T21:02:08","date_gmt":"2018-11-27T21:02:08","guid":{"rendered":"http:\/\/www.cadflix.org\/wp\/?page_id=2538"},"modified":"2018-11-27T21:02:08","modified_gmt":"2018-11-27T21:02:08","slug":"cadflix-ebook_esp","status":"publish","type":"page","link":"http:\/\/www.cadflix.org\/wp\/cadflix-ebook_esp\/","title":{"rendered":"CADFLIX Ebooks en linea"},"content":{"rendered":"<p>[vc_row][vc_column parallax=&#8221;content-moving&#8221; width=&#8221;1\/3&#8243;][vc_column_text]Aqu\u00ed encontrar\u00e1 todos los ebooks que ofrecemos.<\/p>\n<p>Si lo ordena a\u00f1adi\u00e9ndolo al canasta y contin\u00faa con el pago, el ebook estar\u00e1 disponible como descarga.[\/vc_column_text][\/vc_column][vc_column width=&#8221;1\/3&#8243;][vc_single_image image=&#8221;485&#8243; img_size=&#8221;400&#215;200&#8243;][\/vc_column][vc_column width=&#8221;1\/3&#8243;][vc_single_image image=&#8221;2540&#8243; img_size=&#8221;400&#215;200&#8243; add_caption=&#8221;yes&#8221; alignment=&#8221;center&#8221; style=&#8221;vc_box_shadow&#8221; onclick=&#8221;zoom&#8221;][\/vc_column][\/vc_row][vc_row][vc_column][vc_empty_space height=&#8221;60px&#8221;][vc_masonry_grid post_type=&#8221;product&#8221; max_items=&#8221;-1&#8243; show_filter=&#8221;yes&#8221; element_width=&#8221;2&#8243; gap=&#8221;15&#8243; orderby=&#8221;title&#8221; order=&#8221;ASC&#8221; filter_style=&#8221;default-less-rounded&#8221; filter_default_title=&#8221;ALL&#8221; filter_align=&#8221;left&#8221; filter_color=&#8221;orange&#8221; filter_size=&#8221;lg&#8221; item=&#8221;masonryMedia_ScaleWithContentBlock&#8221; grid_id=&#8221;vc_gid:1543352308390-86c34317-b02f-2&#8243; filter_source=&#8221;product_cat&#8221;][\/vc_column][\/vc_row]<\/p>\n","protected":false},"excerpt":{"rendered":"<p>vc_rowvc_column parallax=&#8221;content-moving&#8221; width=&#8221;1\/3&#8243;vc_column_textAqu\u00ed encontrar\u00e1 todos los ebooks que ofrecemos. Si lo ordena a\u00f1adi\u00e9ndolo al canasta y contin\u00faa con el pago, &hellip;<\/p>\n","protected":false},"author":1,"featured_media":0,"parent":0,"menu_order":0,"comment_status":"closed","ping_status":"closed","template":"","meta":{"_bbp_topic_count":0,"_bbp_reply_count":0,"_bbp_total_topic_count":0,"_bbp_total_reply_count":0,"_bbp_voice_count":0,"_bbp_anonymous_reply_count":0,"_bbp_topic_count_hidden":0,"_bbp_reply_count_hidden":0,"_bbp_forum_subforum_count":0,"pmpro_default_level":"","footnotes":""},"coauthors":[],"class_list":["post-2538","page","type-page","status-publish","hentry","pmpro-has-access","user-has-not-earned"],"_links":{"self":[{"href":"http:\/\/www.cadflix.org\/wp\/wp-json\/wp\/v2\/pages\/2538","targetHints":{"allow":["GET"]}}],"collection":[{"href":"http:\/\/www.cadflix.org\/wp\/wp-json\/wp\/v2\/pages"}],"about":[{"href":"http:\/\/www.cadflix.org\/wp\/wp-json\/wp\/v2\/types\/page"}],"author":[{"embeddable":true,"href":"http:\/\/www.cadflix.org\/wp\/wp-json\/wp\/v2\/users\/1"}],"replies":[{"embeddable":true,"href":"http:\/\/www.cadflix.org\/wp\/wp-json\/wp\/v2\/comments?post=2538"}],"version-history":[{"count":1,"href":"http:\/\/www.cadflix.org\/wp\/wp-json\/wp\/v2\/pages\/2538\/revisions"}],"predecessor-version":[{"id":2548,"href":"http:\/\/www.cadflix.org\/wp\/wp-json\/wp\/v2\/pages\/2538\/revisions\/2548"}],"wp:attachment":[{"href":"http:\/\/www.cadflix.org\/wp\/wp-json\/wp\/v2\/media?parent=2538"}],"wp:term":[{"taxonomy":"author","embeddable":true,"href":"http:\/\/www.cadflix.org\/wp\/wp-json\/wp\/v2\/coauthors?post=2538"}],"curies":[{"name":"wp","href":"https:\/\/api.w.org\/{rel}","templated":true}]}}